{"id":17,"date":"2017-04-23T16:18:03","date_gmt":"2017-04-23T14:18:03","guid":{"rendered":"http:\/\/www.joannarzeznik.com\/?page_id=17"},"modified":"2020-05-24T15:26:15","modified_gmt":"2020-05-24T13:26:15","slug":"bio","status":"publish","type":"page","link":"http:\/\/www.joannarzeznik.com\/?page_id=17","title":{"rendered":"Bio"},"content":{"rendered":"\t\t<div data-elementor-type=\"wp-post\" data-elementor-id=\"17\" class=\"elementor elementor-17\" data-elementor-settings=\"[]\">\n\t\t\t\t\t\t<div class=\"elementor-inner\">\n\t\t\t\t\t\t\t<div class=\"elementor-section-wrap\">\n\t\t\t\t\t\t\t<section class=\"elementor-section elementor-top-section elementor-element elementor-element-7eadcca9 elementor-section-boxed elementor-section-height-default elementor-section-height-default\" data-id=\"7eadcca9\" data-element_type=\"section\">\n\t\t\t\t\t\t<div class=\"elementor-container elementor-column-gap-default\">\n\t\t\t\t\t\t\t<div class=\"elementor-row\">\n\t\t\t\t\t<div class=\"elementor-column elementor-col-100 elementor-top-column elementor-element elementor-element-145497d0\" data-id=\"145497d0\" data-element_type=\"column\">\n\t\t\t<div class=\"elementor-column-wrap elementor-element-populated\">\n\t\t\t\t\t\t\t<div class=\"elementor-widget-wrap\">\n\t\t\t\t\t\t<div class=\"elementor-element elementor-element-1305bb9 elementor-widget elementor-widget-text-editor\" data-id=\"1305bb9\" data-element_type=\"widget\" data-widget_type=\"text-editor.default\">\n\t\t\t\t<div class=\"elementor-widget-container\">\n\t\t\t\t\t<div class=\"elementor-text-editor elementor-clearfix\"><table class=\"tabela\" border=\"0\" width=\"100%\" cellspacing=\"0\" cellpadding=\"0\">\n<tbody>\n<tr>\n<td class=\"btht\" colspan=\"3\"><p>Uko\u0144czy\u0142am Pa\u0144stwowe Liceum Sztuk Plastycznych w&nbsp;Bielsku Bia\u0142ej Dyplomami na wydzia\u0142ach Artystyczny Druk Sitowy, z&nbsp;aneksem dyplomowym na wydziale Tkactwo. W&nbsp;Akademii Sztuk Pi\u0119knych w&nbsp;Poznaniu na Wydziale Malarstwa otrzyma\u0142am Dyplom z&nbsp;Wyr\u00f3\u017cnieniem.<\/p>\n<p>Prace znajduj\u0105 si\u0119 w&nbsp;zbiorach: BWA Bielsko Bia\u0142a, w&nbsp;Muzeum Zamek w&nbsp;Bielsku&nbsp;&#8211;&nbsp;Bia\u0142a, w&nbsp;Kusycka Galeria na S\u0142owacji, w&nbsp;KCK Inowroc\u0142awiu, Uniwersytecie Artystycznym w&nbsp;Poznaniu oraz w&nbsp;zbiorach prywatnych w&nbsp;Polsce i&nbsp;za&nbsp;granic\u0105.<\/p><\/td>\n<\/tr>\n<tr>\n<td class=\"bthn\" colspan=\"3\">Stypendia:<\/td>\n<\/tr>\n<tr>\n<td class=\"bthp\" colspan=\"3\"><\/td>\n<\/tr>\n<tr>\n<td class=\"bth1\">2010<\/td>\n<td class=\"bth2\">&#8211;<\/td>\n<td class=\"bth3\">Stypendium Wydzia\u0142u Kultury i Sztuki Urz\u0119du Miasta Bielsko Bia\u0142a<\/td>\n<\/tr>\n<tr>\n<td class=\"bth1\">2009<\/td>\n<td class=\"bth2\">&#8211;<\/td>\n<td class=\"bth3\">Stypendium Artystyczne Miasta Pozna\u0144 dla M\u0142odych Tw\u00f3rc\u00f3w<\/td>\n<\/tr>\n<tr>\n<td class=\"bth1\">2007<\/td>\n<td class=\"bth2\">&#8211;<\/td>\n<td class=\"bth3\">Stypendium Wydzia\u0142u Kultury i Sztuki Urz\u0119du Miasta Bielsko Bia\u0142a<\/td>\n<\/tr>\n<tr>\n<td class=\"bth1\">2007<\/td>\n<td class=\"bth2\">&#8211;<\/td>\n<td class=\"bth3\">Stypendium Unijne II Urz\u0119du Miasta Bielsko Bia\u0142a,<\/td>\n<\/tr>\n<tr>\n<td class=\"bth1\">2004 do 2008<\/td>\n<td class=\"bth2\">&#8211;<\/td>\n<td class=\"bth3\">Stypendium \u015al\u0105skiego Funduszu Stypendialnego im. Adama Graczy\u0144skiego<\/td>\n<\/tr>\n<tr>\n<td class=\"bth1\">2007<\/td>\n<td class=\"bth2\">&#8211;<\/td>\n<td class=\"bth3\">Stypendium Naukowe Akademii Sztuk Pi\u0119knych w Poznaniu<\/td>\n<\/tr>\n<tr>\n<td class=\"bthn\" colspan=\"3\">Nagrody i wyr\u00f3\u017cnienia:<\/td>\n<\/tr>\n<tr>\n<td class=\"bthp\" colspan=\"3\"><\/td>\n<\/tr>\n<tr>\n<td class=\"bth1\">2020<\/td>\n<td class=\"bth2\">&#8211;<\/td>\n<td class=\"bth3\">1 miejsce w konkursie &#8222;Nocne klimaty&#8221; Akwarele Forum prac\u0105 pt &#8222;Nokturn-Miasto&#8221; Cykl Weduta, Pejza\u017c miejski, sponsorowanego przez firm\u0119 Roman Szmal Art<\/td>\n<\/tr>\n<tr>\n<td class=\"bth1\">2009<\/td>\n<td class=\"bth2\">&#8211;<\/td>\n<td class=\"bth3\">GRAND PRIX \u201eSalonu Wielkopolskiego 2009\u201d \u2013 Nagroda Marsza\u0142ka Wojew\u00f3dztwa Wielkopolskiego<\/td>\n<\/tr>\n<tr>\n<td class=\"bth1\">2008<\/td>\n<td class=\"bth2\">&#8211;<\/td>\n<td class=\"bth3\">Wyr\u00f3\u017cnienie w konkursie \u201eObraz przestrzeni publicznej\u201d, CK Zamek, Pozna\u0144<\/td>\n<\/tr>\n<tr>\n<td class=\"bth1\">2007<\/td>\n<td class=\"bth2\">&#8211;<\/td>\n<td class=\"bth3\">Nominacja do nagrody specjalnej &#8211; zakupu dzie\u0142 do Kolekcji Regionalnej Zach\u0119ty Sztuki Wsp\u00f3\u0142czesnej, Szczeci<\/td>\n<\/tr>\n<tr>\n<td class=\"bthn\" colspan=\"3\">Udzia\u0142 w sympozjach, warsztatach:<\/td>\n<\/tr>\n<tr>\n<td class=\"bthp\" colspan=\"3\"><\/td>\n<\/tr>\n<tr>\n<td class=\"bth1\">2009<\/td>\n<td class=\"bth2\">&#8211;<\/td>\n<td class=\"bth3\">\u201eChopin. Ze sztuk\u0105 \u2013 wobec sztuki\u201d, realizacja w projekcie artystycznym, Centrum Rze\u017aby Polskiej, Oro\u0144sko<\/td>\n<\/tr>\n<tr>\n<td class=\"bth1\">2008<\/td>\n<td class=\"bth2\">&#8211;<\/td>\n<td class=\"bth3\">Reprezentant polski na Mi\u0119dzynarodowe Sympozjum Malarskie, realizacja cyklu prac malarskich, prowadzenie warsztat\u00f3w, Kysucka Galeria, O\u0161\u010dadnica, S\u0142owacja<\/td>\n<\/tr>\n<tr>\n<td class=\"bth1\"><\/td>\n<td class=\"bth2\">&#8211;<\/td>\n<td class=\"bth3\">\u201eOdwiedziny\/Mediacje\u201d podczas MEDIATIONS BIENNALE &#8211; udzia\u0142 w projekcie w charakterze prowadz\u0105cej warsztaty \/ opiekuna dydaktycznego grup dzieci<\/td>\n<\/tr>\n<tr>\n<td class=\"bthn\" colspan=\"3\">Wystawy autorskie:<\/td>\n<\/tr>\n<tr>\n<td class=\"bthp\" colspan=\"3\"><\/td>\n<\/tr>\n<tr>\n<td class=\"bth1\">2020<\/td>\n<td class=\"bth2\">&#8211;<\/td>\n<td class=\"bth3\">&#8222;Malarstwo&#8221; Klubokawiarnia Aquarium Galeria BWA Bielsko Bia\u0142a<\/td>\n<\/tr>\n<tr>\n<td class=\"bth1\">2016<\/td>\n<td class=\"bth2\">&#8211;<\/td>\n<td class=\"bth3\">\u201ePryzmat\u201d malarstwo, Galeria Akademicka ATH, wystawa w ramach XVII Beskidzkiego Festiwalu Nauki I Sztuki<\/td>\n<\/tr>\n<tr>\n<td class=\"bth1\"><\/td>\n<td class=\"bth2\">&#8211;<\/td>\n<td class=\"bth3\">\u201eDoPoznania\u201d malarstwo, resteuracja Jadalnia, Pixel Allegro, Pozna\u0144<\/td>\n<\/tr>\n<tr>\n<td class=\"bth1\">2014<\/td>\n<td class=\"bth2\">&#8211;<\/td>\n<td class=\"bth3\">Brif \u201e\u015awiat\u0142o w Obrazie\u201d, Klub Opcja, Pozna\u0144<\/td>\n<\/tr>\n<tr>\n<td class=\"bth1\">2012<\/td>\n<td class=\"bth2\">&#8211;<\/td>\n<td class=\"bth3\">\u201ebezmiary czasu \u2013 \u015aWIAT\u0141O\u201d Galeria Wsp\u00f3lna, Bydgoszcz<\/td>\n<\/tr>\n<tr>\n<td class=\"bth1\">2011<\/td>\n<td class=\"bth2\">&#8211;<\/td>\n<td class=\"bth3\">\u201e\u015awiat\u0142o w Obrazie\u201d, BWA Bielsko Bia\u0142a<\/td>\n<\/tr>\n<tr>\n<td class=\"bth1\">2010<\/td>\n<td class=\"bth2\">&#8211;<\/td>\n<td class=\"bth3\">\u201e\u015awiat\u0142o przestrzeni obrazowania\u201d, malarstwo (instalacja multimedialna), Galeria Miejska Kujawskiego Centrum Kultury, Inowroc\u0142aw<\/td>\n<\/tr>\n<tr>\n<td class=\"bth1\">2008<\/td>\n<td class=\"bth2\">&#8211;<\/td>\n<td class=\"bth3\">\u201eSzkice w Zamku wystawy cykliczne pt Moje Miasto\u201d &#8211; instalacja, Galeria Baszta, Muzeum- Zamek, Bielsko Bia\u0142a<\/td>\n<\/tr>\n<tr>\n<td class=\"bth1\"><\/td>\n<td class=\"bth2\">&#8211;<\/td>\n<td class=\"bth3\">\u201eX\u201d malarstwo, Galeria Zaplecze, Bielsko Bia\u0142a<\/td>\n<\/tr>\n<tr>\n<td class=\"bth1\">2007<\/td>\n<td class=\"bth2\">&#8211;<\/td>\n<td class=\"bth3\">\u201eLUX\u201d Malarstwo, Koncert Ch\u00f3ralno-Instrumentalny, Ko\u015bci\u00f3\u0142 Ewangelicko &#8211; Augsburski, Pozna\u0144<\/td>\n<\/tr>\n<tr>\n<td class=\"bth1\"><\/td>\n<td class=\"bth2\">&#8211;<\/td>\n<td class=\"bth3\">\u201eObraz i obraz\u201d malarstwo, instalacja; Galeria Ars , Zak, Pozna\u0144<\/td>\n<\/tr>\n<tr>\n<td class=\"bthn\" colspan=\"3\">Wystawy zbiorowe:<\/td>\n<\/tr>\n<tr>\n<td class=\"bthp\" colspan=\"3\"><\/td>\n<\/tr>\n<tr>\n<td class=\"bth1\">2014<\/td>\n<td class=\"bth2\">&#8211;<\/td>\n<td class=\"bth3\">\u201e3 Bielski Festiwal Sztuk Wizualnych\u201d Galeria BWA Bielsko Bia\u0142a<\/td>\n<\/tr>\n<tr>\n<td class=\"bth1\">2012<\/td>\n<td class=\"bth2\">&#8211;<\/td>\n<td class=\"bth3\">\u201eSpotkania artystyczne\u201d prezentacja poplenerowa, CKC Inowroc\u0142aw, Galeria Miejska<\/td>\n<\/tr>\n<tr>\n<td class=\"bth1\">2011<\/td>\n<td class=\"bth2\">&#8211;<\/td>\n<td class=\"bth3\">\u201eARTificial \u2013 sztuczna przestrze\u0144 sztuki\u201d publikacja i wystawa, Galerii Rozrywkowo-Handlowej Focus Mall, Zielona G\u00f3ra.<\/td>\n<\/tr>\n<tr>\n<td class=\"bth1\"><\/td>\n<td class=\"bth2\">&#8211;<\/td>\n<td class=\"bth3\">\u201e2Bielski Festiwal Sztuk Wizualnych\u201d Galeria BWA Bielsko Bia\u0142a<\/td>\n<\/tr>\n<tr>\n<td class=\"bth1\"><\/td>\n<td class=\"bth2\">&#8211;<\/td>\n<td class=\"bth3\">\u201eSpotkania artystyczne\u201d prezentacja poplenerowa, CKC Inowroc\u0142aw, Galeria Miejska<\/td>\n<\/tr>\n<tr>\n<td class=\"bth1\">2010<\/td>\n<td class=\"bth2\">&#8211;<\/td>\n<td class=\"bth3\">\u201eUFO 2\u201d, Galeria ON, Pozna\u0144<\/td>\n<\/tr>\n<tr>\n<td class=\"bth1\"><\/td>\n<td class=\"bth2\">&#8211;<\/td>\n<td class=\"bth3\">\u201eSubiektywnie\u201d wystawa go\u015bcinna podczas Nocy Muze\u00f3w, Galeria 022 ZPAP, Warszawa<\/td>\n<\/tr>\n<tr>\n<td class=\"bth1\"><\/td>\n<td class=\"bth2\">&#8211;<\/td>\n<td class=\"bth3\">\u201eIV Og\u00f3lnopolski Konkurs im. Mariana Michalika na Obraz dla M\u0142odych Malarzy, Triennale Malarstwa Cz\u0119stochowa, Miejska Galeria Sztuki, Cz\u0119stochowa<\/td>\n<\/tr>\n<tr>\n<td class=\"bth1\"><\/td>\n<td class=\"bth2\">&#8211;<\/td>\n<td class=\"bth3\">\u201eMoje Miasto Bielsko Bia\u0142a \/ 24h\u201d, Muzeum w Bielsku Bia\u0142ej<\/td>\n<\/tr>\n<tr>\n<td class=\"bth1\"><\/td>\n<td class=\"bth2\">&#8211;<\/td>\n<td class=\"bth3\">IX Salon Wielkopolski 2010, Muzeum Ziemi Czarnkowskiej, Czarnk\u00f3w<\/td>\n<\/tr>\n<tr>\n<td class=\"bth1\"><\/td>\n<td class=\"bth2\">&#8211;<\/td>\n<td class=\"bth3\">Aukcja Sztuki Wsp\u00f3\u0142czesnej, Galeria A&amp;A, Dom Aukcyjny Adam\u2019s, Pozna\u0144<\/td>\n<\/tr>\n<tr>\n<td class=\"bth1\">2009<\/td>\n<td class=\"bth2\">&#8211;<\/td>\n<td class=\"bth3\">\u201eChopin. Ze sztuk\u0105 \u2013 wobec sztuki\u201d, realizacja w projekcie artystycznym, Centrum Rze\u017aby Polskiej, Oro\u0144sko<\/td>\n<\/tr>\n<tr>\n<td class=\"bth1\"><\/td>\n<td class=\"bth2\">&#8211;<\/td>\n<td class=\"bth3\">\u201eMa\u0142y Wiede\u0144 z wizyt\u0105 w Wiedniu\u201d Galeria Time, Wiede\u0144, Austria<\/td>\n<\/tr>\n<tr>\n<td class=\"bth1\"><\/td>\n<td class=\"bth2\">&#8211;<\/td>\n<td class=\"bth3\">VIII Salon Wielkopolski 2009, Muzeum Ziemi Czarnkowskiej, Czarnk\u00f3w<\/td>\n<\/tr>\n<tr>\n<td class=\"bth1\"><\/td>\n<td class=\"bth2\">&#8211;<\/td>\n<td class=\"bth3\">19 Og\u00f3lnopolski Przegl\u0105d Malarstwa M\u0142odych \u201ePromocje 2009\u201d, Galeria Sztuki w Legnicy, Muzeum Archeologiczno &#8211; Historyczne, G\u0142og\u00f3w<\/td>\n<\/tr>\n<tr>\n<td class=\"bth1\"><\/td>\n<td class=\"bth2\">&#8211;<\/td>\n<td class=\"bth3\">IX Spotkania Artystyczne Pszczyna ,,Street Art\u2019\u2019, Pszczyna<\/td>\n<\/tr>\n<tr>\n<td class=\"bth1\"><\/td>\n<td class=\"bth2\">&#8211;<\/td>\n<td class=\"bth3\">Festiwal ,,Experyment\u2019\u2019, 8 Mi\u0119dzynarodowe Spotkania Artystyczne, Zb\u0105szy\u0144<\/td>\n<\/tr>\n<tr>\n<td class=\"bth1\"><\/td>\n<td class=\"bth2\">&#8211;<\/td>\n<td class=\"bth3\">\u201edyploMY 2008\u201d wystawa dyplom\u00f3w malarstwa w Starej Rze\u017ani, ARTenalia 2008, Pozna\u0144<\/td>\n<\/tr>\n<tr>\n<td class=\"bth1\"><\/td>\n<td class=\"bth2\">&#8211;<\/td>\n<td class=\"bth3\">\u201eNO LOGO\u201d &#8211; druga edycja projektu pARTycypacja, Galeria Aula i Galeria PRZYCHODNIA, Pozna\u0144<\/td>\n<\/tr>\n<tr>\n<td class=\"bth1\"><\/td>\n<td class=\"bth2\">&#8211;<\/td>\n<td class=\"bth3\">\u201eObraz Przestrzeni Publicznej\u201d Mi\u0119dzynarodowy Konkurs Malarstwa, Galeria Profil, Centrum Kultury Zamek, Pozna\u0144<\/td>\n<\/tr>\n<tr>\n<td class=\"bth1\">2008<\/td>\n<td class=\"bth2\">&#8211;<\/td>\n<td class=\"bth3\">\u201eMi\u0119dzynarodowe Sympozjum Malarskie O\u0161\u010dadnica 2008\u201d, wystawa wie\u0144cz\u0105ca, Kysucka Galeria, O\u0161\u010dadnica, S\u0142owacja<\/td>\n<\/tr>\n<tr>\n<td class=\"bth1\"><\/td>\n<td class=\"bth2\">&#8211;<\/td>\n<td class=\"bth3\">\u201eCzas a \/ i dzie\u0142o sztuki\u201d Galeria Ars , Zak, Pozna\u0144<\/td>\n<\/tr>\n<tr>\n<td class=\"bth1\"><\/td>\n<td class=\"bth2\">&#8211;<\/td>\n<td class=\"bth3\">\u201epARTycypacja\u201d cykl wystaw, (Pozna\u0144 &#8211; Galeria Aula ASP, budynek Modena, Zielona G\u00f3ra &#8211; Galeria PWW, Galeria \u201eStara Winiarnia\u201d)<\/td>\n<\/tr>\n<tr>\n<td class=\"bth1\">2007<\/td>\n<td class=\"bth2\">&#8211;<\/td>\n<td class=\"bth3\">\u201ePrzeci\u0105g\u201d Festiwal Sztuki M\u0142odych, Zamek Ksi\u0105\u017c\u0105t Pomorskich, Szczecin<\/td>\n<\/tr>\n<tr>\n<td class=\"bth1\"><\/td>\n<td class=\"bth2\">&#8211;<\/td>\n<td class=\"bth3\">\u201eAutoportret\u201d, Muzeum Regionalne w Stalowej Woli, Galeria ASP Krak\u00f3w<\/td>\n<\/tr>\n<tr>\n<td class=\"bth1\"><\/td>\n<td class=\"bth2\">&#8211;<\/td>\n<td class=\"bth3\">\u201eBielski Festiwal Sztuk Wizualnych\u201d, Galeria BWA Bielsko Bia\u0142<\/td>\n<\/tr>\n<tr>\n<td class=\"bth1\"><\/td>\n<td class=\"bth2\">&#8211;<\/td>\n<td class=\"bth3\">\u201ePrzestrze\u0144 a \/ i dzie\u0142o sztuki\u201d Muzeum Inner Space, Pozna\u0144<\/td>\n<\/tr>\n<tr>\n<td class=\"bth1\"><\/td>\n<td class=\"bth2\">&#8211;<\/td>\n<td class=\"bth3\">\u201eArterie\u201d Festiwal M\u0142odej Sztuki, Galeria Pralnia Chemiczna, Stary Dworzec, Katowice<\/td>\n<\/tr>\n<tr>\n<td class=\"bth1\">2006<\/td>\n<td class=\"bth2\">&#8211;<\/td>\n<td class=\"bth3\">\u201eJan Pawe\u0142 II\u201d, Muzeum im. X. Dunikowskiego, Pa\u0142ac Kr\u00f3likarnia, Warszawa<\/td>\n<\/tr>\n<tr>\n<td class=\"bth1\"><\/td>\n<td class=\"bth2\">&#8211;<\/td>\n<td class=\"bth3\">\u201eM\u0142odzi Arty\u015bci Poznania\u201d Grunwaldzka 104, Pozna\u0144<\/td>\n<\/tr>\n<tr>\n<td class=\"bth1\">2005<\/td>\n<td class=\"bth2\">&#8211;<\/td>\n<td class=\"bth3\">&#8211; Targi Sztuki, Wystawa ASP Pozna\u0144, Stara Rze\u017ania, Poznania<\/td>\n<\/tr>\n<tr>\n<td class=\"bth1\"><\/td>\n<td class=\"bth2\">&#8211;<\/td>\n<td class=\"bth3\">\u201ePrzestrzenie Rysunku\u201d Galeria u Jezuit\u00f3w, Pozna\u0144 2004<\/td>\n<\/tr>\n<tr>\n<td class=\"bth1\"><\/td>\n<td class=\"bth2\">&#8211;<\/td>\n<td class=\"bth3\">Wystawa student\u00f3w ASP Pozna\u0144, MOK, Gniezno<\/td>\n<\/tr>\n<tr>\n<td class=\"bthn\" colspan=\"3\">Dzia\u0142alno\u015b\u0107 kuratorska, wystawiennicza:<\/td>\n<\/tr>\n<tr>\n<td class=\"bthp\" colspan=\"3\">Za\u0142o\u017cenie i prowadzenie Galerii RZE\u0179NIA na terenie Starej Rze\u017ani w Poznaniu, wystawy:<\/td>\n<\/tr>\n<tr>\n<td class=\"bth1\">2012<\/td>\n<td class=\"bth2\">&#8211;<\/td>\n<td class=\"bth3\">\u201eprowizorka\u2026\/\u2026mageshift\u201d Marek Glinkowski<\/td>\n<\/tr>\n<tr>\n<td class=\"bth1\"><\/td>\n<td class=\"bth2\">&#8211;<\/td>\n<td class=\"bth3\">\u201eZmi\u0142uj si\u0119\u201d kolekcja dewocjonali\u00f3w Bartosza Borowskiego, Noc Muze\u00f3w<\/td>\n<\/tr>\n<tr>\n<td class=\"bth1\"><\/td>\n<td class=\"bth2\">&#8211;<\/td>\n<td class=\"bth3\">Celina Skrzypczak MALARSTWO<\/td>\n<\/tr>\n<tr>\n<td class=\"bth1\"><\/td>\n<td class=\"bth2\">&#8211;<\/td>\n<td class=\"bth3\">Obrona i prezentacje Dyplom\u00f3w UAP Wydzia\u0142u Intermedia, Katarzyny Sawickiej, Ma\u0142gorzaty Brodzi\u0144skiej, Dominika Boberskiego<\/td>\n<\/tr>\n<tr>\n<td class=\"bth1\">2011<\/td>\n<td class=\"bth2\">&#8211;<\/td>\n<td class=\"bth3\">\u201eW samo po\u0142udnie\u201d malarstwo, wystawa zbiorowa m\u0142odych pozna\u0144skich artyst\u00f3w<\/td>\n<\/tr>\n<tr>\n<td class=\"bth1\"><\/td>\n<td class=\"bth2\">&#8211;<\/td>\n<td class=\"bth3\">\u201eJO-panese art in TEJ-land\u201d kurator Marian St\u0119pak, prezentacja dzie\u0142 toru\u0144skich artyst\u00f3w<\/td>\n<\/tr>\n<tr>\n<td class=\"bth1\"><\/td>\n<td class=\"bth2\">&#8211;<\/td>\n<td class=\"bth3\">\u201eFakt a ingerencja barwna\u201d Wystawa Malarstwa autorstwa Moniki M. Korony<\/td>\n<\/tr>\n<tr>\n<td class=\"bth1\"><\/td>\n<td class=\"bth2\">&#8211;<\/td>\n<td class=\"bth3\">\u201eDodo8\u201d wystawa prac grupy artystycznej Dodo<\/td>\n<\/tr>\n<tr>\n<td class=\"bthp\" colspan=\"3\">Koordynator projekt\u00f3w wystawienniczych Festiwalu Kultury Studenckiej ARTenalia<\/td>\n<\/tr>\n<tr>\n<td class=\"bth1\">2010<\/td>\n<td class=\"bth2\">&#8211;<\/td>\n<td class=\"bth3\">\u201eMalarstwo\u201d Danuta Nawrocka, Galeria Fundacji ARS, Performance Wojciecha Kowalczyka, ul. Szyperska, Pozna\u0144<\/td>\n<\/tr>\n<tr>\n<td class=\"bth1\"><\/td>\n<td class=\"bth2\">&#8211;<\/td>\n<td class=\"bth3\">\u201eArt in Box\u201d (\u201eArty\u015bcie zostanie powierzony sektor, \u201esze\u015bcian\u201d nieograniczonych mo\u017cliwo\u015bci tw\u00f3rczych\u201d), ekspozycje w sektorach zabytkowej starej chlewni pozna\u0144skiej Starej Rze\u017ani<\/td>\n<\/tr>\n<tr>\n<td class=\"bth1\"><\/td>\n<td class=\"bth2\">&#8211;<\/td>\n<td class=\"bth3\">\u201eImaginary Collection of ARTenalia\u201d &#8211; og\u00f3lnopolska wystawa prac m\u0142odych artyst\u00f3w<\/td>\n<\/tr>\n<tr>\n<td class=\"bth1\">2009<\/td>\n<td class=\"bth2\">&#8211;<\/td>\n<td class=\"bth3\">\u201edyploMY 2008\u201d wystawa prezentuj\u0105ca dyplomy malarstwa na ASP w Poznaniu.<\/td>\n<\/tr>\n<\/tbody>\n<\/table><\/div>\n\t\t\t\t<\/div>\n\t\t\t\t<\/div>\n\t\t\t\t\t\t<\/div>\n\t\t\t\t\t<\/div>\n\t\t<\/div>\n\t\t\t\t\t\t\t\t<\/div>\n\t\t\t\t\t<\/div>\n\t\t<\/section>\n\t\t\t\t\t\t<\/div>\n\t\t\t\t\t\t<\/div>\n\t\t\t\t\t<\/div>\n\t\t","protected":false},"excerpt":{"rendered":"<p>Uko\u0144czy\u0142am Pa\u0144stwowe Liceum Sztuk Plastycznych w&nbsp;Bielsku Bia\u0142ej Dyplomami na wydzia\u0142ach Artystyczny Druk Sitowy, z&nbsp;aneksem dyplomowym na wydziale Tkactwo. W&nbsp;Akademii Sztuk Pi\u0119knych w&nbsp;Poznaniu na Wydziale Malarstwa otrzyma\u0142am Dyplom z&nbsp;Wyr\u00f3\u017cnieniem. Prace znajduj\u0105 si\u0119 w&nbsp;zbiorach: BWA Bielsko Bia\u0142a, w&nbsp;Muzeum Zamek w&nbsp;Bielsku&nbsp;&#8211;&nbsp;Bia\u0142a, w&nbsp;Kusycka Galeria [&hellip;]<\/p>\n","protected":false},"author":1,"featured_media":0,"parent":0,"menu_order":0,"comment_status":"closed","ping_status":"closed","template":"page-templates\/page_fullwidth.php","meta":[],"_links":{"self":[{"href":"http:\/\/www.joannarzeznik.com\/index.php?rest_route=\/wp\/v2\/pages\/17"}],"collection":[{"href":"http:\/\/www.joannarzeznik.com\/index.php?rest_route=\/wp\/v2\/pages"}],"about":[{"href":"http:\/\/www.joannarzeznik.com\/index.php?rest_route=\/wp\/v2\/types\/page"}],"author":[{"embeddable":true,"href":"http:\/\/www.joannarzeznik.com\/index.php?rest_route=\/wp\/v2\/users\/1"}],"replies":[{"embeddable":true,"href":"http:\/\/www.joannarzeznik.com\/index.php?rest_route=%2Fwp%2Fv2%2Fcomments&post=17"}],"version-history":[{"count":7,"href":"http:\/\/www.joannarzeznik.com\/index.php?rest_route=\/wp\/v2\/pages\/17\/revisions"}],"predecessor-version":[{"id":377,"href":"http:\/\/www.joannarzeznik.com\/index.php?rest_route=\/wp\/v2\/pages\/17\/revisions\/377"}],"wp:attachment":[{"href":"http:\/\/www.joannarzeznik.com\/index.php?rest_route=%2Fwp%2Fv2%2Fmedia&parent=17"}],"curies":[{"name":"wp","href":"https:\/\/api.w.org\/{rel}","templated":true}]}}